{"id":49,"date":"2023-08-01T00:53:52","date_gmt":"2023-08-01T00:53:52","guid":{"rendered":"https:\/\/jubilaciones.cl\/?page_id=49"},"modified":"2024-11-20T01:54:43","modified_gmt":"2024-11-20T01:54:43","slug":"videos","status":"publish","type":"page","link":"https:\/\/jubilaciones.cl\/index.php\/videos\/","title":{"rendered":"Videos"},"content":{"rendered":"\t\t<div data-elementor-type=\"wp-page\" data-elementor-id=\"49\" class=\"elementor elementor-49\">\n\t\t\t\t\t\t\t\t\t<section class=\"elementor-section elementor-top-section elementor-element elementor-element-6d6f29a7 elementor-section-boxed elementor-section-height-default elementor-section-height-default wpr-particle-no wpr-jarallax-no wpr-parallax-no wpr-sticky-section-no\" data-id=\"6d6f29a7\" data-element_type=\"section\">\n\t\t\t\t\t\t<div class=\"elementor-container elementor-column-gap-default\">\n\t\t\t\t\t<div class=\"elementor-column elementor-col-100 elementor-top-column elementor-element elementor-element-5cacdc03\" data-id=\"5cacdc03\" data-element_type=\"column\">\n\t\t\t<div class=\"elementor-widget-wrap elementor-element-populated\">\n\t\t\t\t\t\t\t\t<div class=\"elementor-element elementor-element-5cc42a45 elementor-widget elementor-widget-text-editor\" data-id=\"5cc42a45\" data-element_type=\"widget\" data-widget_type=\"text-editor.default\">\n\t\t\t\t<div class=\"elementor-widget-container\">\n\t\t\t<style>\/*! elementor - v3.15.0 - 20-08-2023 *\/\n.elementor-widget-text-editor.elementor-drop-cap-view-stacked .elementor-drop-cap{background-color:#69727d;color:#fff}.elementor-widget-text-editor.elementor-drop-cap-view-framed .elementor-drop-cap{color:#69727d;border:3px solid;background-color:transparent}.elementor-widget-text-editor:not(.elementor-drop-cap-view-default) .elementor-drop-cap{margin-top:8px}.elementor-widget-text-editor:not(.elementor-drop-cap-view-default) .elementor-drop-cap-letter{width:1em;height:1em}.elementor-widget-text-editor .elementor-drop-cap{float:left;text-align:center;line-height:1;font-size:50px}.elementor-widget-text-editor .elementor-drop-cap-letter{display:inline-block}<\/style>\t\t\t\t<h4 style=\"text-align: center;\">\u00a1Te damos la bienvenida a la secci\u00f3n de videos! <br \/>Aqu\u00ed encontrar\u00e1s informaci\u00f3n adicional de inter\u00e9s.\u00a0<\/h4>\n<center>\n<p class=\"titulo\" align=\"center\">Jubilaciones.cl Oscar Valenzuela Chac\u00f3n en entrevista TV canalisb.<\/p>\n<p><iframe loading=\"lazy\" src=\"https:\/\/www.youtube.com\/embed\/yMcyK-MKfPo\" width=\"560\" height=\"315\" frameborder=\"0\" allowfullscreen=\"allowfullscreen\"><\/iframe><\/p>\n<p>\u00a0<\/p>\n<p>\u00a0<\/p>\n<\/center>\n<p style=\"text-align: center;\">Jubilaciones.cl Las Modalidades de pensi\u00f3n en AFP<\/p>\n<p><iframe loading=\"lazy\" title=\"YouTube video player\" src=\"https:\/\/www.youtube.com\/embed\/roSy4oC1upY\" width=\"560\" height=\"315\" frameborder=\"0\" allowfullscreen=\"allowfullscreen\"><\/iframe><\/p>\n<p class=\"titulo\" align=\"center\">Programa \u00abEsto no tiene nombre\u00bb &#8211; TVN<\/p>\n<p class=\"titulo\" align=\"center\"><iframe loading=\"lazy\" title=\"Jubilaciones.cl .Esto no tiene nombre &quot;Pobres por Decreto&quot; de TVN\" width=\"500\" height=\"375\" src=\"https:\/\/www.youtube.com\/embed\/pHo3uo2UOGA?feature=oembed\" frameborder=\"0\" allow=\"accelerometer; autoplay; clipboard-write; encrypted-media; gyroscope; picture-in-picture; web-share\" referrerpolicy=\"strict-origin-when-cross-origin\" allowfullscreen><\/iframe><\/p>\n<p class=\"texto\" align=\"center\">Participaci\u00f3n de Oscar Valenzuela Chac\u00f3n &#8211; Asistente Social &#8211; Consultor previsional de jubilaciones.cl<\/p>\n<p align=\"center\"><iframe loading=\"lazy\" src=\"http:\/\/www.youtube.com\/embed\/pHo3uo2UOGA\" width=\"480\" height=\"360\" frameborder=\"0\" allowfullscreen=\"allowfullscreen\"><\/iframe><\/p>\n<p align=\"center\">\u00a0<\/p>\n<p align=\"center\">\u00a0<\/p>\n<p align=\"center\"><span class=\"titulo\">Retiro programado<\/span><\/p>\n<p><iframe loading=\"lazy\" title=\"YouTube video player\" src=\"https:\/\/www.youtube.com\/embed\/ogVKSXVpAzs\" width=\"560\" height=\"315\" frameborder=\"0\" allowfullscreen=\"allowfullscreen\"><\/iframe><\/p>\n<center><\/center>\n<p align=\"center\"><span class=\"titulo\">Explicaci\u00f3n bono de reconocimiento<\/span><\/p>\n<p style=\"text-align: center;\"><iframe loading=\"lazy\" title=\"Jubilaciones.cl Bono de Reconocimiento en una AFP\" width=\"500\" height=\"375\" src=\"https:\/\/www.youtube.com\/embed\/6peMbVbErGY?feature=oembed\" frameborder=\"0\" allow=\"accelerometer; autoplay; clipboard-write; encrypted-media; gyroscope; picture-in-picture; web-share\" referrerpolicy=\"strict-origin-when-cross-origin\" allowfullscreen><\/iframe><\/p>\n<p>\u00a0<\/p>\n<p>\u00a0<\/p>\n<p align=\"center\"><span class=\"titulo\">SCOMP<\/span><\/p>\n<p><iframe loading=\"lazy\" title=\"jubilaciones.cl  \u00bfque es scomp?\" width=\"500\" height=\"281\" src=\"https:\/\/www.youtube.com\/embed\/Re7HksSk6Pk?feature=oembed\" frameborder=\"0\" allow=\"accelerometer; autoplay; clipboard-write; encrypted-media; gyroscope; picture-in-picture; web-share\" referrerpolicy=\"strict-origin-when-cross-origin\" allowfullscreen><\/iframe><\/p>\n<p>\u00a0<\/p>\n<p align=\"center\"><span class=\"titulo\">Rentas Vitalicias <\/span><\/p>\n<center><\/center>\n<p><iframe loading=\"lazy\" title=\"Jubilaciones.cl  Rentas Vitalicias\" width=\"500\" height=\"281\" src=\"https:\/\/www.youtube.com\/embed\/6_xclKCrzo4?feature=oembed\" frameborder=\"0\" allow=\"accelerometer; autoplay; clipboard-write; encrypted-media; gyroscope; picture-in-picture; web-share\" referrerpolicy=\"strict-origin-when-cross-origin\" allowfullscreen><\/iframe><\/p>\n<p>\u00a0<\/p>\n<p align=\"center\"><span class=\"titulo\">Explicaci\u00f3n de modalidades de pensi\u00f3n <\/span><\/p>\n<p><iframe loading=\"lazy\" title=\"Jubilaciones.cl Las Modalidades de pensi\u00f3n en AFP\" width=\"500\" height=\"375\" src=\"https:\/\/www.youtube.com\/embed\/roSy4oC1upY?start=2&feature=oembed\" frameborder=\"0\" allow=\"accelerometer; autoplay; clipboard-write; encrypted-media; gyroscope; picture-in-picture; web-share\" referrerpolicy=\"strict-origin-when-cross-origin\" allowfullscreen><\/iframe><\/p>\n<p>\u00a0<\/p>\n<p align=\"center\"><span class=\"titulo\">Descuentos de AFP <\/span><\/p>\n<p><iframe loading=\"lazy\" title=\"Jubilaciones.cl  Descuentos que nos hacen las AFP\" width=\"500\" height=\"375\" src=\"https:\/\/www.youtube.com\/embed\/FIOT-1nmpfY?feature=oembed\" frameborder=\"0\" allow=\"accelerometer; autoplay; clipboard-write; encrypted-media; gyroscope; picture-in-picture; web-share\" referrerpolicy=\"strict-origin-when-cross-origin\" allowfullscreen><\/iframe><\/p>\n<p style=\"text-align: center;\"><span class=\"titulo\">Explicaci\u00f3n de la garant\u00eda estatal<\/span><\/p>\n<p align=\"center\">\u00a0<\/p>\n<p><iframe loading=\"lazy\" title=\"Jubilaciones.cl Garant\u00eda Estatal cuando se acaban los fondos\" width=\"500\" height=\"375\" src=\"https:\/\/www.youtube.com\/embed\/3FDOrozWe1c?feature=oembed\" frameborder=\"0\" allow=\"accelerometer; autoplay; clipboard-write; encrypted-media; gyroscope; picture-in-picture; web-share\" referrerpolicy=\"strict-origin-when-cross-origin\" allowfullscreen><\/iframe><\/p>\n<p>\u00a0<\/p>\n<p>\u00a0<\/p>\n<p>\u00a0<\/p>\n<center><\/center>\n<p>\u00a0<\/p>\n<p>\u00a0<\/p>\n<p align=\"center\"><!-- \/wp:paragraph --><\/p>\t\t\t\t\t\t<\/div>\n\t\t\t\t<\/div>\n\t\t\t\t\t<\/div>\n\t\t<\/div>\n\t\t\t\t\t\t\t<\/div>\n\t\t<\/section>\n\t\t\t\t<section class=\"elementor-section elementor-top-section elementor-element elementor-element-d3bd089 elementor-section-boxed elementor-section-height-default elementor-section-height-default wpr-particle-no wpr-jarallax-no wpr-parallax-no wpr-sticky-section-no\" data-id=\"d3bd089\" data-element_type=\"section\">\n\t\t\t\t\t\t<div class=\"elementor-container elementor-column-gap-default\">\n\t\t\t\t\t<div class=\"elementor-column elementor-col-100 elementor-top-column elementor-element elementor-element-cedc9f0\" data-id=\"cedc9f0\" data-element_type=\"column\">\n\t\t\t<div class=\"elementor-widget-wrap\">\n\t\t\t\t\t\t\t\t\t<\/div>\n\t\t<\/div>\n\t\t\t\t\t\t\t<\/div>\n\t\t<\/section>\n\t\t\t\t\t\t\t<\/div>\n\t\t","protected":false},"excerpt":{"rendered":"<p>\u00a1Te damos la bienvenida a la secci\u00f3n de videos! Aqu\u00ed encontrar\u00e1s informaci\u00f3n adicional de inter\u00e9s.\u00a0 Jubilaciones.cl Oscar Valenzuela Chac\u00f3n en entrevista TV canalisb. \u00a0 \u00a0 Jubilaciones.cl Las Modalidades de pensi\u00f3n en AFP Programa \u00abEsto no tiene nombre\u00bb &#8211; TVN Participaci\u00f3n de Oscar Valenzuela Chac\u00f3n &#8211; Asistente Social &#8211; Consultor previsional de jubilaciones.cl \u00a0 \u00a0 Retiro [&hellip;]<\/p>\n","protected":false},"author":1,"featured_media":0,"parent":0,"menu_order":0,"comment_status":"closed","ping_status":"closed","template":"","meta":{"footnotes":""},"class_list":["post-49","page","type-page","status-publish","hentry"],"_links":{"self":[{"href":"https:\/\/jubilaciones.cl\/index.php\/wp-json\/wp\/v2\/pages\/49","targetHints":{"allow":["GET"]}}],"collection":[{"href":"https:\/\/jubilaciones.cl\/index.php\/wp-json\/wp\/v2\/pages"}],"about":[{"href":"https:\/\/jubilaciones.cl\/index.php\/wp-json\/wp\/v2\/types\/page"}],"author":[{"embeddable":true,"href":"https:\/\/jubilaciones.cl\/index.php\/wp-json\/wp\/v2\/users\/1"}],"replies":[{"embeddable":true,"href":"https:\/\/jubilaciones.cl\/index.php\/wp-json\/wp\/v2\/comments?post=49"}],"version-history":[{"count":57,"href":"https:\/\/jubilaciones.cl\/index.php\/wp-json\/wp\/v2\/pages\/49\/revisions"}],"predecessor-version":[{"id":417,"href":"https:\/\/jubilaciones.cl\/index.php\/wp-json\/wp\/v2\/pages\/49\/revisions\/417"}],"wp:attachment":[{"href":"https:\/\/jubilaciones.cl\/index.php\/wp-json\/wp\/v2\/media?parent=49"}],"curies":[{"name":"wp","href":"https:\/\/api.w.org\/{rel}","templated":true}]}}